{"id":1120,"date":"2025-03-12T13:31:40","date_gmt":"2025-03-12T13:31:40","guid":{"rendered":"https:\/\/easymoov6.com\/mentions-legales\/"},"modified":"2025-03-14T09:13:04","modified_gmt":"2025-03-14T09:13:04","slug":"mentions-legales","status":"publish","type":"page","link":"https:\/\/easymoov6.com\/fr\/mentions-legales\/","title":{"rendered":"Mentions l\u00e9gales"},"content":{"rendered":"<p>[et_pb_section fb_built=\u00a0\u00bb1&Prime; disabled_on=\u00a0\u00bboff|off|off\u00a0\u00bb _builder_version=\u00a0\u00bb4.27.4&Prime; _module_preset=\u00a0\u00bbdefault\u00a0\u00bb custom_padding=\u00a0\u00bb144px|||||\u00a0\u00bb border_color_bottom=\u00a0\u00bb#7a7a7a\u00a0\u00bb locked=\u00a0\u00bboff\u00a0\u00bb global_colors_info=\u00a0\u00bb{}\u00a0\u00bb][et_pb_row module_id=\u00a0\u00bbcontent\u00a0\u00bb _builder_version=\u00a0\u00bb4.27.4&Prime; _module_preset=\u00a0\u00bbdefault\u00a0\u00bb width=\u00a0\u00bb90%\u00a0\u00bb custom_padding=\u00a0\u00bb0px||0px||true|false\u00a0\u00bb border_width_left=\u00a0\u00bb7px\u00a0\u00bb border_color_left=\u00a0\u00bbgcid-2bd31fdf-6b39-4af6-9bfa-e1ff7e1fe420&Prime; locked=\u00a0\u00bboff\u00a0\u00bb global_colors_info=\u00a0\u00bb{%22gcid-2bd31fdf-6b39-4af6-9bfa-e1ff7e1fe420%22:%91%22border_color_left%22%93}\u00a0\u00bb][et_pb_column type=\u00a0\u00bb4_4&Prime; _builder_version=\u00a0\u00bb4.25.1&Prime; _module_preset=\u00a0\u00bbdefault\u00a0\u00bb custom_padding=\u00a0\u00bb0px||0px||true|false\u00a0\u00bb global_colors_info=\u00a0\u00bb{}\u00a0\u00bb][et_pb_text _builder_version=\u00a0\u00bb4.27.4&Prime; _module_preset=\u00a0\u00bbdefault\u00a0\u00bb header_font=\u00a0\u00bb|&#8211;et_global_heading_font_weight|||||||\u00a0\u00bb header_font_size=\u00a0\u00bb60px\u00a0\u00bb header_line_height=\u00a0\u00bb1.4em\u00a0\u00bb custom_margin=\u00a0\u00bb-35px||-37px||false|false\u00a0\u00bb custom_padding=\u00a0\u00bb0px|||25px|false|false\u00a0\u00bb hover_enabled=\u00a0\u00bb0&Prime; border_color_left=\u00a0\u00bbgcid-0bb4aa88-854d-46ad-8783-5c2933726464&Prime; global_colors_info=\u00a0\u00bb{%22gcid-0bb4aa88-854d-46ad-8783-5c2933726464%22:%91%22border_color_left%22%93}\u00a0\u00bb sticky_enabled=\u00a0\u00bb0&Prime;]<\/p>\n<h1>Mentions l\u00e9gales<\/h1>\n<p>[\/et_pb_text][\/et_pb_column][\/et_pb_row][et_pb_row _builder_version=\u00a0\u00bb4.25.0&Prime; _module_preset=\u00a0\u00bbdefault\u00a0\u00bb width=\u00a0\u00bb90%\u00a0\u00bb locked=\u00a0\u00bboff\u00a0\u00bb global_colors_info=\u00a0\u00bb{}\u00a0\u00bb][et_pb_column type=\u00a0\u00bb4_4&Prime; _builder_version=\u00a0\u00bb4.24.2&Prime; _module_preset=\u00a0\u00bbdefault\u00a0\u00bb global_colors_info=\u00a0\u00bb{}\u00a0\u00bb][\/et_pb_column][\/et_pb_row][et_pb_row _builder_version=\u00a0\u00bb4.27.4&Prime; _module_preset=\u00a0\u00bbdefault\u00a0\u00bb width=\u00a0\u00bb90%\u00a0\u00bb global_colors_info=\u00a0\u00bb{}\u00a0\u00bb][et_pb_column type=\u00a0\u00bb4_4&Prime; _builder_version=\u00a0\u00bb4.27.4&Prime; _module_preset=\u00a0\u00bbdefault\u00a0\u00bb global_colors_info=\u00a0\u00bb{}\u00a0\u00bb][et_pb_text _builder_version=\u00a0\u00bb4.27.4&Prime; _module_preset=\u00a0\u00bbdefault\u00a0\u00bb link_font=\u00a0\u00bb|600|||on||||\u00a0\u00bb global_colors_info=\u00a0\u00bb{}\u00a0\u00bb]<\/p>\n<p>Ce site est la propri\u00e9t\u00e9 de Vygon SAS, soci\u00e9t\u00e9 au capital de 19 463 088 \u20ac, immatricul\u00e9e au RCS de Pontoise sous le num\u00e9ro B 325 241 750, dont le si\u00e8ge social est situ\u00e9 8 rue de Paris, 95440 Ecouen, France.<\/p>\n<p>Vous pouvez nous contacter par t\u00e9l\u00e9phone au + 33 (0)1 39 92 63 63 ou par email \u00e0 <a href=\"mailto:questions@vygon.com\">questions@vygon.com<\/a>.<\/p>\n<p>Notre directeur de publication est Ludovic Richard-Vitton.<\/p>\n<p>[\/et_pb_text][\/et_pb_column][\/et_pb_row][\/et_pb_section]<\/p>\n","protected":false},"excerpt":{"rendered":"<p>Mentions l\u00e9galesCe site est la propri\u00e9t\u00e9 de Vygon SAS, soci\u00e9t\u00e9 au capital de 19 463 088 \u20ac, immatricul\u00e9e au RCS de Pontoise sous le num\u00e9ro B 325 241 750, dont le si\u00e8ge social est situ\u00e9 8 rue de Paris, 95440 Ecouen, France. Vous pouvez nous contacter par t\u00e9l\u00e9phone au + 33 (0)1 39 92 63 63 ou par email \u00e0 questions@vygon.com. Notre directeur de publication est Ludovic Richard-Vitton.<\/p>\n","protected":false},"author":1,"featured_media":0,"parent":0,"menu_order":0,"comment_status":"closed","ping_status":"closed","template":"","meta":{"_et_pb_use_builder":"on","_et_pb_old_content":"","_et_gb_content_width":"","footnotes":""},"class_list":["post-1120","page","type-page","status-publish","hentry"],"_links":{"self":[{"href":"https:\/\/easymoov6.com\/fr\/wp-json\/wp\/v2\/pages\/1120","targetHints":{"allow":["GET"]}}],"collection":[{"href":"https:\/\/easymoov6.com\/fr\/wp-json\/wp\/v2\/pages"}],"about":[{"href":"https:\/\/easymoov6.com\/fr\/wp-json\/wp\/v2\/types\/page"}],"author":[{"embeddable":true,"href":"https:\/\/easymoov6.com\/fr\/wp-json\/wp\/v2\/users\/1"}],"replies":[{"embeddable":true,"href":"https:\/\/easymoov6.com\/fr\/wp-json\/wp\/v2\/comments?post=1120"}],"version-history":[{"count":3,"href":"https:\/\/easymoov6.com\/fr\/wp-json\/wp\/v2\/pages\/1120\/revisions"}],"predecessor-version":[{"id":1124,"href":"https:\/\/easymoov6.com\/fr\/wp-json\/wp\/v2\/pages\/1120\/revisions\/1124"}],"wp:attachment":[{"href":"https:\/\/easymoov6.com\/fr\/wp-json\/wp\/v2\/media?parent=1120"}],"curies":[{"name":"wp","href":"https:\/\/api.w.org\/{rel}","templated":true}]}}